{"id":8028,"date":"2018-12-10T03:06:47","date_gmt":"2018-12-10T03:06:47","guid":{"rendered":"http:\/\/travelhotel.wpengine.com\/?page_id=8028"},"modified":"2025-10-12T21:54:14","modified_gmt":"2025-10-13T04:54:14","slug":"about-us","status":"publish","type":"page","link":"https:\/\/islandtoursmexico.com\/es\/about-us\/","title":{"rendered":"Sobre Nosotros"},"content":{"rendered":"<div data-elementor-type=\"wp-page\" data-elementor-id=\"8028\" class=\"elementor elementor-8028\">\n\t\t\t\t\t\t<section class=\"elementor-section elementor-top-section elementor-element elementor-element-983a502 elementor-section-boxed elementor-section-height-default elementor-section-height-default\" data-id=\"983a502\" data-element_type=\"section\">\n\t\t\t\t\t\t<div class=\"elementor-container elementor-column-gap-default\">\n\t\t\t\t\t<div class=\"elementor-column elementor-col-100 elementor-top-column elementor-element elementor-element-70c37209\" data-id=\"70c37209\" data-element_type=\"column\">\n\t\t\t<div class=\"elementor-widget-wrap elementor-element-populated\">\n\t\t\t\t\t\t<div class=\"elementor-element elementor-element-5db24a94 elementor-widget elementor-widget-heading\" data-id=\"5db24a94\" data-element_type=\"widget\" data-widget_type=\"heading.default\">\n\t\t\t\t<div class=\"elementor-widget-container\">\n\t\t\t\t\t<h2 class=\"elementor-heading-title elementor-size-default\">Nos especializamos en llevarte a tu destino. M\u00e1s r\u00e1pido, m\u00e1s seguro y con estilo.\n\n<\/h2>\t\t\t\t<\/div>\n\t\t\t\t<\/div>\n\t\t\t\t<div class=\"elementor-element elementor-element-5159c44 elementor-widget elementor-widget-text-editor\" data-id=\"5159c44\" data-element_type=\"widget\" data-widget_type=\"text-editor.default\">\n\t\t\t\t<div class=\"elementor-widget-container\">\n\t\t\t\t\t\t\t\t\t<p>En Islands of Loreto \u2013 Heli Tours, nuestra especialidad son los vuelos privados en\nhelic\u00f3ptero. Ayudamos a los viajeros a llegar a su destino m\u00e1s r\u00e1pido, con mayor comodidad y disfrutando de una vista que jam\u00e1s olvidar\u00e1n.<\/p><p>Desde traslados r\u00e1pidos hasta vuelos esc\u00e9nicos sobre las islas y monta\u00f1as de Baja California Sur, cada trayecto es privado, seguro y personalizado.<\/p><p>We\u2019re proud to be the <strong>only helicopter operator based in Loreto. <\/strong><\/p><p>Estamos orgullosos de ser el \u00fanico operador de helic\u00f3pteros con base en Loreto. Todos nuestros vuelos despegan desde el FBO privado del Aeropuerto Internacional de Loreto, a bordo de nuestro Airbus H125, con un equipo apasionado por el servicio y la seguridad.<\/p><p><span style=\"font-size: 14pt;\"><strong>Bienvenido a una nueva perspectiva.<\/strong><\/span><br \/><span style=\"font-size: 14pt;\"><strong>Bienvenido a Islands of Loreto.<\/strong><\/span><\/p>\t\t\t\t\t\t\t\t<\/div>\n\t\t\t\t<\/div>\n\t\t\t\t\t<\/div>\n\t\t<\/div>\n\t\t\t\t\t<\/div>\n\t\t<\/section>\n\t\t\t\t<\/div>","protected":false},"excerpt":{"rendered":"<p>We specialize in getting you there. Faster, safer, and in style. At Islands of Loreto \u2013 Heli Tours, our specialty is private helicopter flights. We help travelers reach their destination faster, more comfortably, and with a view they\u2019ll never forget. From quick transfers to scenic flights over the islands and mountains of Baja California Sur, [&hellip;]<\/p>\n","protected":false},"author":1,"featured_media":10609,"parent":0,"menu_order":0,"comment_status":"closed","ping_status":"closed","template":"template-fullwidth.php","meta":{"footnotes":""},"class_list":["post-8028","page","type-page","status-publish","has-post-thumbnail","hentry"],"aioseo_notices":[],"_links":{"self":[{"href":"https:\/\/islandtoursmexico.com\/es\/wp-json\/wp\/v2\/pages\/8028","targetHints":{"allow":["GET"]}}],"collection":[{"href":"https:\/\/islandtoursmexico.com\/es\/wp-json\/wp\/v2\/pages"}],"about":[{"href":"https:\/\/islandtoursmexico.com\/es\/wp-json\/wp\/v2\/types\/page"}],"author":[{"embeddable":true,"href":"https:\/\/islandtoursmexico.com\/es\/wp-json\/wp\/v2\/users\/1"}],"replies":[{"embeddable":true,"href":"https:\/\/islandtoursmexico.com\/es\/wp-json\/wp\/v2\/comments?post=8028"}],"version-history":[{"count":25,"href":"https:\/\/islandtoursmexico.com\/es\/wp-json\/wp\/v2\/pages\/8028\/revisions"}],"predecessor-version":[{"id":10612,"href":"https:\/\/islandtoursmexico.com\/es\/wp-json\/wp\/v2\/pages\/8028\/revisions\/10612"}],"wp:featuredmedia":[{"embeddable":true,"href":"https:\/\/islandtoursmexico.com\/es\/wp-json\/wp\/v2\/media\/10609"}],"wp:attachment":[{"href":"https:\/\/islandtoursmexico.com\/es\/wp-json\/wp\/v2\/media?parent=8028"}],"curies":[{"name":"wp","href":"https:\/\/api.w.org\/{rel}","templated":true}]}}